{"id":22599,"date":"2025-09-09T09:53:31","date_gmt":"2025-09-09T09:53:31","guid":{"rendered":"https:\/\/www.synetis.com\/resources\/webinars\/"},"modified":"2026-05-11T12:05:29","modified_gmt":"2026-05-11T12:05:29","slug":"webinars","status":"publish","type":"page","link":"https:\/\/www.synetis.com\/en\/resources\/webinars\/","title":{"rendered":"Webinars"},"content":{"rendered":"\t\t<div data-elementor-type=\"wp-page\" data-elementor-id=\"22599\" class=\"elementor elementor-22599 elementor-4017\" data-elementor-post-type=\"page\">\n\t\t\t\t<div class=\"elementor-element elementor-element-4e277af e-flex e-con-boxed e-con e-parent\" data-id=\"4e277af\" data-element_type=\"container\" data-e-type=\"container\" data-settings=\"{&quot;background_background&quot;:&quot;gradient&quot;}\">\n\t\t\t\t\t<div class=\"e-con-inner\">\n\t\t\t\t<div class=\"elementor-element elementor-element-b90fb7e elementor-widget elementor-widget-shortcode\" data-id=\"b90fb7e\" data-element_type=\"widget\" data-e-type=\"widget\" data-widget_type=\"shortcode.default\">\n\t\t\t\t\t\t\t<div class=\"elementor-shortcode\"><div class=\"aioseo-breadcrumbs\"><span class=\"aioseo-breadcrumb\">\n\t<a href=\"https:\/\/www.synetis.com\/en\/\" title=\"Accueil\">Accueil<\/a>\n<\/span><span class=\"aioseo-breadcrumb-separator\">\u203a<\/span><span class=\"aioseo-breadcrumb\">\n\t<a href=\"https:\/\/www.synetis.com\/en\/resources\/\" title=\"Resources\">Resources<\/a>\n<\/span><span class=\"aioseo-breadcrumb-separator\">\u203a<\/span><span class=\"aioseo-breadcrumb\">\n\tWebinars\n<\/span><\/div><\/div>\n\t\t\t\t\t\t<\/div>\n\t\t\t\t<div class=\"elementor-element elementor-element-8adbe10 elementor-widget elementor-widget-heading\" data-id=\"8adbe10\" data-element_type=\"widget\" data-e-type=\"widget\" data-widget_type=\"heading.default\">\n\t\t\t\t\t<h2 class=\"elementor-heading-title elementor-size-default\">Webinars<\/h2>\t\t\t\t<\/div>\n\t\t\t\t<div class=\"elementor-element elementor-element-55a831a elementor-widget elementor-widget-heading\" data-id=\"55a831a\" data-element_type=\"widget\" data-e-type=\"widget\" data-widget_type=\"heading.default\">\n\t\t\t\t\t<h2 class=\"elementor-heading-title elementor-size-default\">Dive into cybersecurity expertise just a click away. Discover or re-discover all our sessions, available in replay. \n<\/h2>\t\t\t\t<\/div>\n\t\t\t\t\t<\/div>\n\t\t\t\t<\/div>\n\t\t<div class=\"elementor-element elementor-element-ca3b576 e-flex e-con-boxed e-con e-parent\" data-id=\"ca3b576\" data-element_type=\"container\" data-e-type=\"container\">\n\t\t\t\t\t<div class=\"e-con-inner\">\n\t\t<div class=\"elementor-element elementor-element-f35d598 e-con-full e-flex e-con e-child\" data-id=\"f35d598\" data-element_type=\"container\" data-e-type=\"container\">\n\t\t<div class=\"elementor-element elementor-element-0740135 e-con-full e-flex e-con e-child\" data-id=\"0740135\" data-element_type=\"container\" data-e-type=\"container\">\n\t\t\t\t<div class=\"elementor-element elementor-element-7406b99 elementor-widget elementor-widget-ucaddon_ue_buttons_post_filter\" data-id=\"7406b99\" data-element_type=\"widget\" data-e-type=\"widget\" data-widget_type=\"ucaddon_ue_buttons_post_filter.default\">\n\t\t\t\t<div class=\"elementor-widget-container\">\n\t\t\t\t\t\n<!-- start Tabs Filter -->\n\t\t<link id='font-awesome-css' href='https:\/\/www.synetis.com\/wp-content\/plugins\/unlimited-elements-for-elementor-premium\/assets_libraries\/font-awesome6\/fontawesome-all.min.css' type='text\/css' rel='stylesheet' >\n\t\t<link id='font-awesome-4-shim-css' href='https:\/\/www.synetis.com\/wp-content\/plugins\/unlimited-elements-for-elementor-premium\/assets_libraries\/font-awesome6\/fontawesome-v4-shims.min.css' type='text\/css' rel='stylesheet' >\n\n<style>\/* widget: Tabs Filter *\/\n\n#uc_ue_buttons_post_filter_elementor_7406b99{\n  min-height: 1px;\n  position: relative;\n}\n\n\n#uc_ue_buttons_post_filter_elementor_7406b99.uc-filter-initing{\n    opacity:0.8;\n    cursor:default;\n}\n\n#uc_ue_buttons_post_filter_elementor_7406b99 .ue-debug-meta{\n  font-size:10px;\n  border:1px solid red;\n  padding:10px;\n}\n\n#uc_ue_buttons_post_filter_elementor_7406b99 .ue_taxonomy_image img{\n  display:block;\n}\n\n#uc_ue_buttons_post_filter_elementor_7406b99.ue_taxonomy{\n  flex-wrap: wrap;\n}\n\n#uc_ue_buttons_post_filter_elementor_7406b99 .ue_taxonomy_item{\n  display:block;\n  text-decoration: none;\n}\n\n\n#uc_ue_buttons_post_filter_elementor_7406b99 .uc-item-hidden{\n\tdisplay:none !important;\n}\n\n\n#uc_ue_buttons_post_filter_elementor_7406b99.uc-filter-initing a{\n   cursor:default;\n   background-color:lightgray !important;\n}\n\n#uc_ue_buttons_post_filter_elementor_7406b99.uc-filter-initing .ue_taxonomy_item_content{\n\tvisibility:hidden;\n}\n\n\n#uc_ue_buttons_post_filter_elementor_7406b99.uc-filter-hidden,\n#uc_ue_buttons_post_filter_elementor_7406b99.uc-filter-initing.uc-initing-filter-hidden{\n  display:none !important;\n}\n\n\n#uc_ue_buttons_post_filter_elementor_7406b99 .ue_taxonomy_item_content{\n  display:flex;\n  align-items:center;\n}\n\n#uc_ue_buttons_post_filter_elementor_7406b99 .ue_taxonomy_item_icon{\n  flex-grow:0;\n  flex-shrink:0;\n}\n\n#uc_ue_buttons_post_filter_elementor_7406b99 .ue_taxonomy_item_icon_spacer{\n  flex-grow:0;\n  flex-shrink:0;\n}\n\n#uc_ue_buttons_post_filter_elementor_7406b99 .ue_taxonomy_item_num_posts{\n  flex-grow:0;\n  flex-shrink:0;\n}\n\n#uc_ue_buttons_post_filter_elementor_7406b99 .ue_taxonomy_item_title{\n  flex-grow:1;\n}\n\n\n#uc_ue_buttons_post_filter_elementor_7406b99 .ue_taxonomy_item_num_posts_spacer{\n  flex-grow:0;\n  flex-shrink:0;\n}\n\n#uc_ue_buttons_post_filter_elementor_7406b99 .uc-hide-loading-item{\n\tdisplay:none !important;\n}\n\n#uc_ue_buttons_post_filter_elementor_7406b99-toggle{\n  display:none;\n}\n\n#uc_ue_buttons_post_filter_elementor_7406b99-toggle .#uc_ue_buttons_post_filter_elementor_7406b99-toggle{\n  display:none;\n}\n\n#uc_ue_buttons_post_filter_elementor_7406b99-toggle .ue_taxonomy_toggle_icon{\n  display:inline-flex;\n  align-items:center;\n  justify-content:center;\n  line-height:1em;\n  cursor:pointer;\n}\n\n#uc_ue_buttons_post_filter_elementor_7406b99-toggle .ue_taxonomy_toggle_icon svg{\n  height:1em;\n  width:1em;\n}\n\n\n#uc_ue_buttons_post_filter_elementor_7406b99-toggle .ue_taxonomy_toggle_icon_close{\n  display:none;\n}\n\n  #uc_ue_buttons_post_filter_elementor_7406b99 .uc-item-all .ue_taxonomy_item_num_posts_spacer,\n  #uc_ue_buttons_post_filter_elementor_7406b99 .uc-item-all .ue_taxonomy_item_num_posts{\n\t \tdisplay:none !important;\n  }\n\n\n\n\n\n<\/style>\n\n\n  <div class=\"ue_taxonomy_toggle\" id=\"uc_ue_buttons_post_filter_elementor_7406b99-toggle\">\n    <div class=\"ue_taxonomy_toggle_icon\">\n      <div class=\"ue_taxonomy_toggle_icon_open\"><i class='fas fa-bars'><\/i><\/div>\n      <div class=\"ue_taxonomy_toggle_icon_close\"><i class='fas fa-times'><\/i><\/div>\n    <\/div>\n  <\/div>\n\n  <div id=\"uc_ue_buttons_post_filter_elementor_7406b99-container\">\n\n  <div id=\"uc_ue_buttons_post_filter_elementor_7406b99\" class=\"ue_taxonomy  uc-grid-filter \"  data-isfilter=\"\" data-filtertype=\"terms_list\"  style=\"\">\n\n    \n    \n          \n\n      <a href=\"javascript:void(0)\" class=\"ue_taxonomy_item  uc-item-all uc-selected  \"     >\n\n        \n        <div class=\"ue_taxonomy_item_content\">\n                    <span  class=\"ue_taxonomy_item_title\">All<\/span>                  <\/div>\n\n        \n        \n      <\/a>  \n\n    \n          \n\n      <a href=\"javascript:void(0)\" class=\"ue_taxonomy_item   \"  data-id=\"23\" data-type=\"term\" data-slug=\"securite-operationnelle\" data-taxonomy=\"categorie-webinars\" data-title=\"S\u00e9curit\u00e9 Op\u00e9rationnelle\" data-key=\"term|categorie-webinars|securite-operationnelle\"     >\n\n        \n        <div class=\"ue_taxonomy_item_content\">\n                    <span  class=\"ue_taxonomy_item_title\">S\u00e9curit\u00e9 Op\u00e9rationnelle<\/span>                  <\/div>\n\n        \n        \n      <\/a>  \n\n      \n  <\/div>\n\n  \n  <\/div>\n\n<!-- end Tabs Filter -->\t\t\t\t<\/div>\n\t\t\t\t<\/div>\n\t\t\t\t<div class=\"elementor-element elementor-element-b87f085 elementor-widget elementor-widget-ucaddon_posts_search_filter\" data-id=\"b87f085\" data-element_type=\"widget\" data-e-type=\"widget\" data-widget_type=\"ucaddon_posts_search_filter.default\">\n\t\t\t\t<div class=\"elementor-widget-container\">\n\t\t\t\t\t\n<!-- start Search Filter -->\n\n<style>\/* widget: Search Filter *\/\n\n#uc_posts_search_filter_elementor_b87f085-wrapper\n{\n  display:flex;\n}\n\n#uc_posts_search_filter_elementor_b87f085\n{\n  width:100%;\n}\n#uc_posts_search_filter_elementor_b87f085 .uc-search-filter__input\n{\n  width:100%;\n  flex-grow:1;\n}\n\n#uc_posts_search_filter_elementor_b87f085 .uc-search-filter-btn\n{\n  display:flex;\n  align-items:center;\n  flex-grow:0;\n  flex-shrink:0;\n}\n\n#uc_posts_search_filter_elementor_b87f085 .uc-search-filter-input-wrapper\n{\n  position: relative;\n  display:flex;\n  align-items:center;\n}\n\n\n#uc_posts_search_filter_elementor_b87f085 .uc-search-filter-btn .ue-btn-icon\n{\n  line-height:1em;\n}\n\n\n\n#uc_posts_search_filter_elementor_b87f085 .uc-search-filter-btn .ue-btn-icon svg\n{\n  height:1em;\n  width:1em;\n}\n\n#uc_posts_search_filter_elementor_b87f085 ::-webkit-input-placeholder { \/* Edge *\/\n  color: #1C1C1C !important;\n}\n\n#uc_posts_search_filter_elementor_b87f085 :-ms-input-placeholder { \/* Internet Explorer 10-11 *\/\n  color: #1C1C1C !important;\n}\n\n#uc_posts_search_filter_elementor_b87f085 ::placeholder {\n  color: #1C1C1C !important;\n}\n\n#uc_posts_search_filter_elementor_b87f085 .uc-search-filter-indicator{\n\tposition: absolute;\n  \ttop: 50%;\n    transform: translate(0, -50%);\n    height: 100%;\n  \tdisplay: flex;\n    align-items: center;\n    justify-content: center;\n}\n\n<\/style>\n\n\n<div class=\"uc-search-filter-wrapper\" id=\"uc_posts_search_filter_elementor_b87f085-wrapper\" >\n  <div id=\"uc_posts_search_filter_elementor_b87f085\" class=\"uc-search-filter uc-grid-filter\" data-filtertype=\"search\"  > \n\n      \n      <div class=\"uc-search-filter-input-wrapper\">\n\t\t\n        <input type=\"text\" class=\"uc-search-filter__input\" placeholder=\"Search\" value=\"\">\n\n        \n          \n\n      <\/div>\n\n  <\/div>\n<\/div>\n<!-- end Search Filter -->\t\t\t\t<\/div>\n\t\t\t\t<\/div>\n\t\t\t\t<\/div>\n\t\t\t\t<div class=\"elementor-element elementor-element-99f4cf3 elementor-widget elementor-widget-ucaddon_post_grid\" data-id=\"99f4cf3\" data-element_type=\"widget\" data-e-type=\"widget\" data-widget_type=\"ucaddon_post_grid.default\">\n\t\t\t\t<div class=\"elementor-widget-container\">\n\t\t\t\t\t\n<!-- start Post Grid -->\n\n<style>\/* widget: Post Grid *\/\n\n\n\n#uc_post_grid_elementor_99f4cf3{\n  min-height: 1px;\n}\n\n#uc_post_grid_elementor_99f4cf3.uc_post_grid_style_one .uc_post_grid_style_one_wrap {\n   display:grid;\n}\n\n\n#uc_post_grid_elementor_99f4cf3 .uc_post_grid_style_one_item{\n  position:relative;\n}\n\n#uc_post_grid_elementor_99f4cf3 .uc_post_image{\n  transition:0.3s;\n  position:relative;\n  overflow:hidden;\n}\n\n#uc_post_grid_elementor_99f4cf3 .uc_post_image img{\n  width:100%;\n  display:block;\n  transition:0.3s;\n}\n\n\t#uc_post_grid_elementor_99f4cf3 .ue-item:hover .uc_post_image img    {\n      transform:scale(1.1,1.1);\n    }\n\t\n\n#uc_post_grid_elementor_99f4cf3 .uc_post_image_overlay{\n  position:absolute;\n  top:0px;\n  left:0px;\n  height:100%;\n  width:100%;\n  transition:0.3s;\n}\n\n#uc_post_grid_elementor_99f4cf3 .uc_more_btn-custom-field{\n  display:inline-block;\n  text-align:center;\n  text-decoration:none;\n  transition:0.3s;\n}\n\n#uc_post_grid_elementor_99f4cf3 .uc_more_btn{\n  display:inline-block;\n  text-align:center;\n  text-decoration:none;\n  transition:0.3s;\n}\n\n.ue-grid-item-category a{\n  display:inline-block;\n  font-size:10px;\n  position: relative;\n  z-index: 1;\n}\n\n#uc_post_grid_elementor_99f4cf3 .ue-grid-item-posttype{\n  display:inline-block;\n  position: relative;\n  z-index: 1;\n}\n\n\n.uc_post_title{\n  font-size:21px;\n}\n\n\n#uc_post_grid_elementor_99f4cf3.uc_post_grid_style_one.ue-list-view .uc_content{\n flex-grow:1;\n}\n\n\n  #uc_post_grid_elementor_99f4cf3:not(.ue-list-view) .ue_post_grid_item{\n    display:flex;\n    flex-direction:column;\n  }\n  \n  #uc_post_grid_elementor_99f4cf3.uc_post_grid_style_one:not(.ue-list-view) .uc_content{\n   flex-grow:1;\n  }\n\n  #uc_post_grid_elementor_99f4cf3.uc_post_grid_style_one .uc_content > div{\n    height:100%;\n    display:flex;\n    flex-direction:column;\n    justify-content: space-between;  }\n\n    #uc_post_grid_elementor_99f4cf3 .uc_post_button   {\n     margin-top:auto;\n   }\n  \n\n\n\n\n\n\n\n\n\n\n\n\n\/*  for grid\/list layout switcher*\/\n\t#uc_post_grid_elementor_99f4cf3.ue-list-view .uc_post_grid_style_one_item {\n     display:flex;  \n     flex-direction:row;\n    }\n    #uc_post_grid_elementor_99f4cf3.ue-list-view .uc_post_grid_style_one_item > div{\n     width:50%;\n    }\n   \n    #uc_post_grid_elementor_99f4cf3.ue-list-view .uc_content    {\n      display:flex;\n      flex-direction:column;\n      justify-content:center;\n    }\n \n\/*  for grid\/list layout switcher*\/\n\n#uc_post_grid_elementor_99f4cf3 .ue-meta-data{  \n  display:flex !important;\n  flex-wrap: wrap;\n  line-height:1em;\n}\n\n#uc_post_grid_elementor_99f4cf3 .ue-grid-item-meta-data{\n  display:inline-flex;\n  align-items:center;\n}\n\n#uc_post_grid_elementor_99f4cf3 .ue-grid-item-meta-data a{\n  color:inherit;\n}\n\n.ue-grid-item-meta-data{\n  font-size:12px;\n}\n\n#uc_post_grid_elementor_99f4cf3 .ue-grid-item-meta-data-icon{\n  line-height:1em;\n}\n\n#uc_post_grid_elementor_99f4cf3 .ue-grid-item-meta-data-icon svg{\n  width:1em;\n  height:1em;\n}\n\n#uc_post_grid_elementor_99f4cf3 .ue-debug-meta{\n  padding:10px;\n  border:1px solid red;\n  position:relative;\n  line-height:1.5em;\n  font-size:11px;\n  width:100%;\n}\n\n#uc_post_grid_elementor_99f4cf3 .uc_btn_inner{\n  display:inline-flex;\n  align-items:center;\n  pointer-events:none;\n}\n\n#uc_post_grid_elementor_99f4cf3 .uc_btn_inner svg{\n  width:1em;\n  height:1em;\n}\n#uc_post_grid_elementor_99f4cf3 .ue_p_title{\n  pointer-events:none;\n}\n  #uc_post_grid_elementor_99f4cf3 .ue_post_full_link{\n    position:absolute;\n    width:100%;\n    height:100%;\n    top:0;\n    left:0;\n    z-index: 10;\n  }\n\n\n#uc_post_grid_elementor_99f4cf3 .uc_content_inner{\n  width: 100%;\n}\n\n\n#uc_post_grid_elementor_99f4cf3 .view-switcher-button{\n  display: flex;\n  align-items: center;\n}\n\n#uc_post_grid_elementor_99f4cf3 .view-switcher-icon{\n  display: flex;\n  align-items: center;\n  line-height: 1;\n  cursor: pointer;\n  transition: all .3s ease;\n}\n\n#uc_post_grid_elementor_99f4cf3 .view-switcher-icon svg{\n  height:1em;\n  width:1em;\n}\n\n#uc_post_grid_elementor_99f4cf3 .view-switcher-icon.ue-hidden{\n  display: none;\n}\n\n\n#uc_post_grid_elementor_99f4cf3_item1 [href=\"javascript:void(0)\"]{\n  cursor: unset;\n}\n\n\n#uc_post_grid_elementor_99f4cf3_item2 [href=\"javascript:void(0)\"]{\n  cursor: unset;\n}\n\n\n#uc_post_grid_elementor_99f4cf3_item3 [href=\"javascript:void(0)\"]{\n  cursor: unset;\n}\n\n\n#uc_post_grid_elementor_99f4cf3_item4 [href=\"javascript:void(0)\"]{\n  cursor: unset;\n}\n\n\n<\/style>\n\n<div class=\"uc_post_grid_style_one uc-filterable-grid \" id=\"uc_post_grid_elementor_99f4cf3\"  data-ajax='true'  data-filterbehave='ajax'  querydata='{&quot;count_posts&quot;:4,&quot;total_posts&quot;:4,&quot;page&quot;:1,&quot;num_pages&quot;:1}' >\n  \t\n  <div class=\"uc_post_grid_style_one_wrap ue_post_grid uc-items-wrapper ue-woo-grid\">\n\t\t\t\n\n\n\n\n<div id=\"uc_post_grid_elementor_99f4cf3_item1\" class=\"uc_post_grid_style_one_item ue_post_grid_item ue-item \">\n  \n      <a class=\"uc_post_grid_style_one_image \" href='javascript:void(0)' target=\"_blank\">\n     <div class=\"uc_post_image\">\n       <img fetchpriority=\"high\" decoding=\"async\" src=\"https:\/\/www.synetis.com\/wp-content\/uploads\/2025\/07\/Webinar_Semperis_2-1024x576.jpg\"  src=\"https:\/\/www.synetis.com\/wp-content\/uploads\/2025\/07\/Webinar_Semperis_2-1024x576.jpg\" alt=\"Webinar_Semperis_2\" width=\"1024\" height=\"576\">\n       <div class=\"uc_post_image_overlay\"><\/div>\n     <\/div>\n    <\/a>\n   \n  <div class=\"uc_content\">\n    <div class=\"uc_content_inner\">\n      <div class=\"uc_content-info-wrapper\" >\n                \n                          \n        <div class=\"uc_post_title\"><a class=\"\" href='javascript:void(0)' target=\"_blank\"><div class=\"ue_p_title\">Comment se pr\u00e9munir contre les mauvaises pratiques d'administration AD ?<\/div><\/a><\/div>\t\n                 \n                     \n                   \n          \n    <div class=\"ue-grid-item-category\">              \n              <a href=\"\"><\/a>\n                    \n    <\/div>\n\n                   \n          <div class=\"ue-meta-data\">\n            \n                \t    \n                \n        \n\t\n                \n                \n                \n                \n    \t\t\t\n      \n            \n  <\/div>\t\n                                      \n      <\/div>                      \n            <div class=\"uc_post_button\">\n        \n        <a class=\"uc_more_btn \" target=\"_blank\" href='https:\/\/www.synetis.com\/en\/blog\/webinar\/comment-se-premunir-contre-les-mauvaises-pratiques-dadministration-ad\/'>\n          <div class=\"uc_btn_inner\">\n            <div class=\"uc_btn_txt\">Access the replay<\/div>\n                      <\/div>\n      \t<\/a>\n        \n                \n      <\/div>                           \n \t<\/div>  <\/div>      \n  <a class=\"ue_post_full_link \" href='https:\/\/www.synetis.com\/en\/blog\/webinar\/comment-se-premunir-contre-les-mauvaises-pratiques-dadministration-ad\/' target=\"_blank\"><\/a>      \n<\/div>\n\n\n\n\n\n<div id=\"uc_post_grid_elementor_99f4cf3_item2\" class=\"uc_post_grid_style_one_item ue_post_grid_item ue-item \">\n  \n      <a class=\"uc_post_grid_style_one_image \" href='javascript:void(0)' target=\"_blank\">\n     <div class=\"uc_post_image\">\n       <img decoding=\"async\" src=\"https:\/\/www.synetis.com\/wp-content\/uploads\/2025\/07\/Webinar_semperis_3-1024x576.jpg\"  src=\"https:\/\/www.synetis.com\/wp-content\/uploads\/2025\/07\/Webinar_semperis_3-1024x576.jpg\" alt=\"Webinar_semperis_3\" width=\"1024\" height=\"576\">\n       <div class=\"uc_post_image_overlay\"><\/div>\n     <\/div>\n    <\/a>\n   \n  <div class=\"uc_content\">\n    <div class=\"uc_content_inner\">\n      <div class=\"uc_content-info-wrapper\" >\n                \n                          \n        <div class=\"uc_post_title\"><a class=\"\" href='javascript:void(0)' target=\"_blank\"><div class=\"ue_p_title\">Restaurer rapidement et efficacement son AD apr\u00e8s une attaque<\/div><\/a><\/div>\t\n                 \n                     \n                   \n          \n    <div class=\"ue-grid-item-category\">              \n              <a href=\"\"><\/a>\n                    \n    <\/div>\n\n                   \n          <div class=\"ue-meta-data\">\n            \n                \t    \n                \n        \n\t\n                \n                \n                \n                \n    \t\t\t\n      \n            \n  <\/div>\t\n                                      \n      <\/div>                      \n            <div class=\"uc_post_button\">\n        \n        <a class=\"uc_more_btn \" target=\"_blank\" href='https:\/\/www.synetis.com\/en\/blog\/webinar\/restaurer-rapidement-et-efficacement-son-ad-apres-une-attaque\/'>\n          <div class=\"uc_btn_inner\">\n            <div class=\"uc_btn_txt\">Access the replay<\/div>\n                      <\/div>\n      \t<\/a>\n        \n                \n      <\/div>                           \n \t<\/div>  <\/div>      \n  <a class=\"ue_post_full_link \" href='https:\/\/www.synetis.com\/en\/blog\/webinar\/restaurer-rapidement-et-efficacement-son-ad-apres-une-attaque\/' target=\"_blank\"><\/a>      \n<\/div>\n\n\n\n\n\n<div id=\"uc_post_grid_elementor_99f4cf3_item3\" class=\"uc_post_grid_style_one_item ue_post_grid_item ue-item \">\n  \n      <a class=\"uc_post_grid_style_one_image \" href='javascript:void(0)' target=\"_blank\">\n     <div class=\"uc_post_image\">\n       <img decoding=\"async\" src=\"https:\/\/www.synetis.com\/wp-content\/uploads\/2025\/07\/Webinar_semperis_1-1024x576.jpg\"  src=\"https:\/\/www.synetis.com\/wp-content\/uploads\/2025\/07\/Webinar_semperis_1-1024x576.jpg\" alt=\"Webinar_semperis_1\" width=\"1024\" height=\"576\">\n       <div class=\"uc_post_image_overlay\"><\/div>\n     <\/div>\n    <\/a>\n   \n  <div class=\"uc_content\">\n    <div class=\"uc_content_inner\">\n      <div class=\"uc_content-info-wrapper\" >\n                \n                          \n        <div class=\"uc_post_title\"><a class=\"\" href='javascript:void(0)' target=\"_blank\"><div class=\"ue_p_title\">Conna\u00eetre les faiblesses de son AD pour mieux le prot\u00e9ger<\/div><\/a><\/div>\t\n                 \n                     \n                   \n          \n    <div class=\"ue-grid-item-category\">              \n              <a href=\"\"><\/a>\n                    \n    <\/div>\n\n                   \n          <div class=\"ue-meta-data\">\n            \n                \t    \n                \n        \n\t\n                \n                \n                \n                \n    \t\t\t\n      \n            \n  <\/div>\t\n                                      \n      <\/div>                      \n            <div class=\"uc_post_button\">\n        \n        <a class=\"uc_more_btn \" target=\"_blank\" href='https:\/\/www.synetis.com\/en\/blog\/webinar\/connaitre-les-faiblesses-de-son-ad-pour-mieux-le-proteger\/'>\n          <div class=\"uc_btn_inner\">\n            <div class=\"uc_btn_txt\">Access the replay<\/div>\n                      <\/div>\n      \t<\/a>\n        \n                \n      <\/div>                           \n \t<\/div>  <\/div>      \n  <a class=\"ue_post_full_link \" href='https:\/\/www.synetis.com\/en\/blog\/webinar\/connaitre-les-faiblesses-de-son-ad-pour-mieux-le-proteger\/' target=\"_blank\"><\/a>      \n<\/div>\n\n\n\n\n\n<div id=\"uc_post_grid_elementor_99f4cf3_item4\" class=\"uc_post_grid_style_one_item ue_post_grid_item ue-item \">\n  \n      <a class=\"uc_post_grid_style_one_image \" href='javascript:void(0)' target=\"_blank\">\n     <div class=\"uc_post_image\">\n       <img loading=\"lazy\" decoding=\"async\" src=\"https:\/\/www.synetis.com\/wp-content\/uploads\/2025\/07\/Event-cover-LK-Webinar-Evertrust-x-Synetis-2-1-1024x576.jpg\"  src=\"https:\/\/www.synetis.com\/wp-content\/uploads\/2025\/07\/Event-cover-LK-Webinar-Evertrust-x-Synetis-2-1-1024x576.jpg\" alt=\"Event cover LK - Webinar Evertrust x Synetis (2)\" width=\"1024\" height=\"576\">\n       <div class=\"uc_post_image_overlay\"><\/div>\n     <\/div>\n    <\/a>\n   \n  <div class=\"uc_content\">\n    <div class=\"uc_content_inner\">\n      <div class=\"uc_content-info-wrapper\" >\n                \n                          \n        <div class=\"uc_post_title\"><a class=\"\" href='javascript:void(0)' target=\"_blank\"><div class=\"ue_p_title\">47 jours de validit\u00e9 des certificats SSL\/TLS, \u00eates-vous pr\u00eat \u00e0 g\u00e9rer 8 fois plus de renouvellements ?<\/div><\/a><\/div>\t\n                 \n                     \n                   \n          \n    <div class=\"ue-grid-item-category\">              \n              <a href=\"\"><\/a>\n                    \n    <\/div>\n\n                   \n          <div class=\"ue-meta-data\">\n            \n                \t    \n                \n        \n\t\n                \n                \n                \n                \n    \t\t\t\n      \n            \n  <\/div>\t\n                                      \n      <\/div>                      \n            <div class=\"uc_post_button\">\n        \n        <a class=\"uc_more_btn \" target=\"_blank\" href='https:\/\/www.synetis.com\/en\/blog\/webinar\/47-jours-de-validite-des-certificats-ssl-tls\/'>\n          <div class=\"uc_btn_inner\">\n            <div class=\"uc_btn_txt\">Access the replay<\/div>\n                      <\/div>\n      \t<\/a>\n        \n                \n      <\/div>                           \n \t<\/div>  <\/div>      \n  <a class=\"ue_post_full_link \" href='https:\/\/www.synetis.com\/en\/blog\/webinar\/47-jours-de-validite-des-certificats-ssl-tls\/' target=\"_blank\"><\/a>      \n<\/div>\n\n\t\t<\/div>\n\t<\/div>\n\n\n\n<!-- end Post Grid -->\t\t\t\t<\/div>\n\t\t\t\t<\/div>\n\t\t\t\t<\/div>\n\t\t\t\t\t<\/div>\n\t\t\t\t<\/div>\n\t\t\t\t<\/div>\n\t\t","protected":false},"excerpt":{"rendered":"<p>Webinars Dive into cybersecurity expertise just a click away. Discover or re-discover all our sessions, available in replay. All S\u00e9curit\u00e9 Op\u00e9rationnelle Comment se pr\u00e9munir contre les mauvaises pratiques d&#8217;administration AD ? Access the replay Restaurer rapidement et efficacement son AD apr\u00e8s une attaque Access the replay Conna\u00eetre les faiblesses de son AD pour mieux le [&hellip;]<\/p>\n","protected":false},"author":7,"featured_media":0,"parent":22338,"menu_order":0,"comment_status":"closed","ping_status":"closed","template":"","meta":{"_acf_changed":false,"content-type":"","footnotes":""},"class_list":["post-22599","page","type-page","status-publish","hentry"],"acf":[],"aioseo_notices":[],"_links":{"self":[{"href":"https:\/\/www.synetis.com\/en\/wp-json\/wp\/v2\/pages\/22599","targetHints":{"allow":["GET"]}}],"collection":[{"href":"https:\/\/www.synetis.com\/en\/wp-json\/wp\/v2\/pages"}],"about":[{"href":"https:\/\/www.synetis.com\/en\/wp-json\/wp\/v2\/types\/page"}],"author":[{"embeddable":true,"href":"https:\/\/www.synetis.com\/en\/wp-json\/wp\/v2\/users\/7"}],"replies":[{"embeddable":true,"href":"https:\/\/www.synetis.com\/en\/wp-json\/wp\/v2\/comments?post=22599"}],"version-history":[{"count":4,"href":"https:\/\/www.synetis.com\/en\/wp-json\/wp\/v2\/pages\/22599\/revisions"}],"predecessor-version":[{"id":22612,"href":"https:\/\/www.synetis.com\/en\/wp-json\/wp\/v2\/pages\/22599\/revisions\/22612"}],"up":[{"embeddable":true,"href":"https:\/\/www.synetis.com\/en\/wp-json\/wp\/v2\/pages\/22338"}],"wp:attachment":[{"href":"https:\/\/www.synetis.com\/en\/wp-json\/wp\/v2\/media?parent=22599"}],"curies":[{"name":"wp","href":"https:\/\/api.w.org\/{rel}","templated":true}]}}